{"id":37,"date":"2022-02-03T13:06:15","date_gmt":"2022-02-03T11:06:15","guid":{"rendered":"https:\/\/tridea.fi\/?page_id=37"},"modified":"2025-05-26T14:46:31","modified_gmt":"2025-05-26T12:46:31","slug":"etusivu","status":"publish","type":"page","link":"https:\/\/tridea.fi\/","title":{"rendered":"Etusivu"},"content":{"rendered":"\t\t<div data-elementor-type=\"wp-page\" data-elementor-id=\"37\" class=\"elementor elementor-37\" data-elementor-settings=\"[]\">\n\t\t\t\t\t\t\t<div class=\"elementor-section-wrap\">\n\t\t\t\t\t\t\t<section class=\"elementor-section elementor-top-section elementor-element elementor-element-92c5610 elementor-section-boxed elementor-section-height-default elementor-section-height-default\" data-id=\"92c5610\" data-element_type=\"section\" data-settings=\"{&quot;background_background&quot;:&quot;classic&quot;}\">\n\t\t\t\t\t\t\t<div class=\"elementor-background-overlay\"><\/div>\n\t\t\t\t\t\t\t<div class=\"elementor-container elementor-column-gap-default\">\n\t\t\t\t\t<div class=\"elementor-column elementor-col-100 elementor-top-column elementor-element elementor-element-6ec8871\" data-id=\"6ec8871\" data-element_type=\"column\">\n\t\t\t<div class=\"elementor-widget-wrap elementor-element-populated\">\n\t\t\t\t\t\t\t\t<div class=\"elementor-element elementor-element-79c0997 elementor-widget elementor-widget-spacer\" data-id=\"79c0997\" data-element_type=\"widget\" data-widget_type=\"spacer.default\">\n\t\t\t\t<div class=\"elementor-widget-container\">\n\t\t\t\t\t<div class=\"elementor-spacer\">\n\t\t\t<div class=\"elementor-spacer-inner\"><\/div>\n\t\t<\/div>\n\t\t\t\t<\/div>\n\t\t\t\t<\/div>\n\t\t\t\t<div class=\"elementor-element elementor-element-7c92e7c elementor-widget elementor-widget-heading\" data-id=\"7c92e7c\" data-element_type=\"widget\" data-widget_type=\"heading.default\">\n\t\t\t\t<div class=\"elementor-widget-container\">\n\t\t\t<h2 class=\"elementor-heading-title elementor-size-default\">Tridea Oy<\/h2>\t\t<\/div>\n\t\t\t\t<\/div>\n\t\t\t\t<div class=\"elementor-element elementor-element-ac46646 elementor-widget elementor-widget-text-editor\" data-id=\"ac46646\" data-element_type=\"widget\" data-widget_type=\"text-editor.default\">\n\t\t\t\t<div class=\"elementor-widget-container\">\n\t\t\t\t\t\t\t<h3><span style=\"color: #ffffff;\"><strong>Tridea<\/strong>\u00a0on johdon raportointiin ja tiedolla johtamiseen keskittynyt Saas-ohjelmistoyritys. <\/span><\/h3><p>Yhti\u00f6 kehitt\u00e4\u00e4 BisLenzi\u00e4, joka on kotimainen Business Intelligence -alusta. Se tarjoaa johdon raportoinnin ketter\u00e4sti ja kustannustehokkaasti. <span style=\"text-decoration: underline;\">Tutustu BisLenziin tarkemmin sen omilla sivuilla, linkki alla.<\/span><\/p><p>Kokonaisvaltainen palvelumalli sis\u00e4lt\u00e4\u00e4 datan integroinnin, hallinnan ja visualisoinnin. Asiakasorganisaation ei tarvitse investoida omaan BI-osaamiseen, vaan k\u00e4ytt\u00e4j\u00e4t voivat keskitty\u00e4 datal\u00e4ht\u00f6iseen p\u00e4\u00e4t\u00f6ksentekoon ja ydinliiketoiminnan kehitt\u00e4miseen. Asiakaskuntaa ovat muun muassa erikokoiset palvelualan yritykset, teknologiayritykset ja julkiset organisaatiot.<\/p><p>Asiakaskokemus ja asiakasymm\u00e4rrys ovat Tridean ytimess\u00e4. Molempia voidaan l\u00e4hesty\u00e4 lukujen kautta, mutta tarvitaan my\u00f6s inhimillist\u00e4 ymm\u00e4rryst\u00e4 liiketoiminnan ja asiakkuuksien psykologiasta.<\/p><p>Tridean tuotekehityksess\u00e4 asiakkaat ovat vahvassa roolissa, heit\u00e4 kuunnellaan herkell\u00e4 korvalla. Lis\u00e4ksi tehd\u00e4\u00e4n tiivist\u00e4 yhteisty\u00f6t\u00e4 alueen oppilaitosten sek\u00e4 muiden kumppaniverkoston yritysten kanssa.<\/p>\t\t\t\t\t\t<\/div>\n\t\t\t\t<\/div>\n\t\t\t\t<div class=\"elementor-element elementor-element-625b5a6 elementor-widget elementor-widget-spacer\" data-id=\"625b5a6\" data-element_type=\"widget\" data-widget_type=\"spacer.default\">\n\t\t\t\t<div class=\"elementor-widget-container\">\n\t\t\t\t\t<div class=\"elementor-spacer\">\n\t\t\t<div class=\"elementor-spacer-inner\"><\/div>\n\t\t<\/div>\n\t\t\t\t<\/div>\n\t\t\t\t<\/div>\n\t\t\t\t\t<\/div>\n\t\t<\/div>\n\t\t\t\t\t\t\t<\/div>\n\t\t<\/section>\n\t\t\t\t<section class=\"elementor-section elementor-top-section elementor-element elementor-element-c3f20eb elementor-section-boxed elementor-section-height-default elementor-section-height-default\" data-id=\"c3f20eb\" data-element_type=\"section\">\n\t\t\t\t\t\t<div class=\"elementor-container elementor-column-gap-default\">\n\t\t\t\t\t<div class=\"elementor-column elementor-col-50 elementor-top-column elementor-element elementor-element-324440c\" data-id=\"324440c\" data-element_type=\"column\">\n\t\t\t<div class=\"elementor-widget-wrap elementor-element-populated\">\n\t\t\t\t\t\t\t\t<div class=\"elementor-element elementor-element-71a6746 elementor-widget elementor-widget-spacer\" data-id=\"71a6746\" data-element_type=\"widget\" data-widget_type=\"spacer.default\">\n\t\t\t\t<div class=\"elementor-widget-container\">\n\t\t\t\t\t<div class=\"elementor-spacer\">\n\t\t\t<div class=\"elementor-spacer-inner\"><\/div>\n\t\t<\/div>\n\t\t\t\t<\/div>\n\t\t\t\t<\/div>\n\t\t\t\t<div class=\"elementor-element elementor-element-fd2acd0 elementor-widget elementor-widget-heading\" data-id=\"fd2acd0\" data-element_type=\"widget\" data-widget_type=\"heading.default\">\n\t\t\t\t<div class=\"elementor-widget-container\">\n\t\t\t<h2 class=\"elementor-heading-title elementor-size-default\">Siirry BisLenz -alustan sivuille:<\/h2>\t\t<\/div>\n\t\t\t\t<\/div>\n\t\t\t\t<div class=\"elementor-element elementor-element-76a4c9f elementor-mobile-align-center elementor-widget elementor-widget-button\" data-id=\"76a4c9f\" data-element_type=\"widget\" data-widget_type=\"button.default\">\n\t\t\t\t<div class=\"elementor-widget-container\">\n\t\t\t\t\t<div class=\"elementor-button-wrapper\">\n\t\t\t<a href=\"https:\/\/bislenz.com\/\" class=\"elementor-button-link elementor-button elementor-size-xl elementor-animation-grow\" role=\"button\">\n\t\t\t\t\t\t<span class=\"elementor-button-content-wrapper\">\n\t\t\t\t\t\t<span class=\"elementor-button-text\">BisLenz.com<\/span>\n\t\t<\/span>\n\t\t\t\t\t<\/a>\n\t\t<\/div>\n\t\t\t\t<\/div>\n\t\t\t\t<\/div>\n\t\t\t\t<div class=\"elementor-element elementor-element-708e456 elementor-widget elementor-widget-spacer\" data-id=\"708e456\" data-element_type=\"widget\" data-widget_type=\"spacer.default\">\n\t\t\t\t<div class=\"elementor-widget-container\">\n\t\t\t\t\t<div class=\"elementor-spacer\">\n\t\t\t<div class=\"elementor-spacer-inner\"><\/div>\n\t\t<\/div>\n\t\t\t\t<\/div>\n\t\t\t\t<\/div>\n\t\t\t\t\t<\/div>\n\t\t<\/div>\n\t\t\t\t<div class=\"elementor-column elementor-col-50 elementor-top-column elementor-element elementor-element-beba0e9\" data-id=\"beba0e9\" data-element_type=\"column\">\n\t\t\t<div class=\"elementor-widget-wrap elementor-element-populated\">\n\t\t\t\t\t\t\t\t<div class=\"elementor-element elementor-element-fa3bf67 elementor-widget elementor-widget-image\" data-id=\"fa3bf67\" data-element_type=\"widget\" data-widget_type=\"image.default\">\n\t\t\t\t<div class=\"elementor-widget-container\">\n\t\t\t\t\t\t\t\t\t\t\t\t\t\t\t<img loading=\"lazy\" decoding=\"async\" width=\"1024\" height=\"442\" src=\"https:\/\/tridea.fi\/wp-content\/uploads\/2022\/02\/BisLenzLogoRGB-1024x442.png\" class=\"attachment-large size-large\" alt=\"\" srcset=\"https:\/\/tridea.fi\/wp-content\/uploads\/2022\/02\/BisLenzLogoRGB-1024x442.png 1024w, https:\/\/tridea.fi\/wp-content\/uploads\/2022\/02\/BisLenzLogoRGB-300x129.png 300w, https:\/\/tridea.fi\/wp-content\/uploads\/2022\/02\/BisLenzLogoRGB-768x331.png 768w, https:\/\/tridea.fi\/wp-content\/uploads\/2022\/02\/BisLenzLogoRGB-1536x662.png 1536w, https:\/\/tridea.fi\/wp-content\/uploads\/2022\/02\/BisLenzLogoRGB-2048x883.png 2048w\" sizes=\"auto, (max-width: 1024px) 100vw, 1024px\" \/>\t\t\t\t\t\t\t\t\t\t\t\t\t\t\t<\/div>\n\t\t\t\t<\/div>\n\t\t\t\t\t<\/div>\n\t\t<\/div>\n\t\t\t\t\t\t\t<\/div>\n\t\t<\/section>\n\t\t\t\t<section class=\"elementor-section elementor-top-section elementor-element elementor-element-b6cc438 elementor-section-boxed elementor-section-height-default elementor-section-height-default\" data-id=\"b6cc438\" data-element_type=\"section\" data-settings=\"{&quot;background_background&quot;:&quot;classic&quot;}\">\n\t\t\t\t\t\t<div class=\"elementor-container elementor-column-gap-default\">\n\t\t\t\t\t<div class=\"elementor-column elementor-col-50 elementor-top-column elementor-element elementor-element-bf3c06b\" data-id=\"bf3c06b\" data-element_type=\"column\">\n\t\t\t<div class=\"elementor-widget-wrap elementor-element-populated\">\n\t\t\t\t\t\t\t\t<div class=\"elementor-element elementor-element-310560e elementor-widget elementor-widget-spacer\" data-id=\"310560e\" data-element_type=\"widget\" data-widget_type=\"spacer.default\">\n\t\t\t\t<div class=\"elementor-widget-container\">\n\t\t\t\t\t<div class=\"elementor-spacer\">\n\t\t\t<div class=\"elementor-spacer-inner\"><\/div>\n\t\t<\/div>\n\t\t\t\t<\/div>\n\t\t\t\t<\/div>\n\t\t\t\t<div class=\"elementor-element elementor-element-b147971 elementor-widget elementor-widget-heading\" data-id=\"b147971\" data-element_type=\"widget\" data-widget_type=\"heading.default\">\n\t\t\t\t<div class=\"elementor-widget-container\">\n\t\t\t<h2 class=\"elementor-heading-title elementor-size-default\">Yhteystiedot<\/h2>\t\t<\/div>\n\t\t\t\t<\/div>\n\t\t\t\t<div class=\"elementor-element elementor-element-5c7d0e5 elementor-widget elementor-widget-text-editor\" data-id=\"5c7d0e5\" data-element_type=\"widget\" data-widget_type=\"text-editor.default\">\n\t\t\t\t<div class=\"elementor-widget-container\">\n\t\t\t\t\t\t\t<p>Matarankatu 4 (3.kerros), 40100 Jyv\u00e4skyl\u00e4<\/p><p>Toimitusjohtaja: Aki Hankaniemi, aki.hankaniemi(at)tridea.fi, +35840 725 9479<\/p><p>Hallituksen puheenjohtaja: Marko Filenius, marko.filenius(at)tridea.fi, +35850 3365447<\/p>\t\t\t\t\t\t<\/div>\n\t\t\t\t<\/div>\n\t\t\t\t\t<\/div>\n\t\t<\/div>\n\t\t\t\t<div class=\"elementor-column elementor-col-50 elementor-top-column elementor-element elementor-element-2cc0d85\" data-id=\"2cc0d85\" data-element_type=\"column\">\n\t\t\t<div class=\"elementor-widget-wrap elementor-element-populated\">\n\t\t\t\t\t\t\t\t<div class=\"elementor-element elementor-element-d60f0b9 elementor-widget elementor-widget-spacer\" data-id=\"d60f0b9\" data-element_type=\"widget\" data-widget_type=\"spacer.default\">\n\t\t\t\t<div class=\"elementor-widget-container\">\n\t\t\t\t\t<div class=\"elementor-spacer\">\n\t\t\t<div class=\"elementor-spacer-inner\"><\/div>\n\t\t<\/div>\n\t\t\t\t<\/div>\n\t\t\t\t<\/div>\n\t\t\t\t<div class=\"elementor-element elementor-element-48958d6 elementor-widget elementor-widget-heading\" data-id=\"48958d6\" data-element_type=\"widget\" data-widget_type=\"heading.default\">\n\t\t\t\t<div class=\"elementor-widget-container\">\n\t\t\t<h2 class=\"elementor-heading-title elementor-size-default\">Laskutusosoite<\/h2>\t\t<\/div>\n\t\t\t\t<\/div>\n\t\t\t\t<div class=\"elementor-element elementor-element-bf77044 elementor-widget elementor-widget-text-editor\" data-id=\"bf77044\" data-element_type=\"widget\" data-widget_type=\"text-editor.default\">\n\t\t\t\t<div class=\"elementor-widget-container\">\n\t\t\t\t\t\t\t<p>Verkkolaskutusosoite: 003709851661<br \/>Y-tunnus: 0985166-1<br \/>Verkkolaskutusoperaattori: Apix Messaging Oy<br \/>Operaattorin v\u00e4litt\u00e4j\u00e4tunnus: 003723327487<\/p>\t\t\t\t\t\t<\/div>\n\t\t\t\t<\/div>\n\t\t\t\t<div class=\"elementor-element elementor-element-5ec6663 elementor-widget elementor-widget-spacer\" data-id=\"5ec6663\" data-element_type=\"widget\" data-widget_type=\"spacer.default\">\n\t\t\t\t<div class=\"elementor-widget-container\">\n\t\t\t\t\t<div class=\"elementor-spacer\">\n\t\t\t<div class=\"elementor-spacer-inner\"><\/div>\n\t\t<\/div>\n\t\t\t\t<\/div>\n\t\t\t\t<\/div>\n\t\t\t\t\t<\/div>\n\t\t<\/div>\n\t\t\t\t\t\t\t<\/div>\n\t\t<\/section>\n\t\t\t\t\t\t<\/div>\n\t\t\t\t\t<\/div>\n\t\t","protected":false},"excerpt":{"rendered":"<p>Tridea Oy Tridea\u00a0on johdon raportointiin ja tiedolla johtamiseen keskittynyt Saas-ohjelmistoyritys. Yhti\u00f6 kehitt\u00e4\u00e4 BisLenzi\u00e4, joka on kotimainen Business Intelligence -alusta. Se tarjoaa johdon raportoinnin ketter\u00e4sti ja kustannustehokkaasti. Tutustu BisLenziin tarkemmin sen omilla sivuilla, linkki alla. Kokonaisvaltainen palvelumalli sis\u00e4lt\u00e4\u00e4 datan integroinnin, hallinnan ja visualisoinnin. Asiakasorganisaation ei tarvitse investoida omaan BI-osaamiseen, vaan k\u00e4ytt\u00e4j\u00e4t voivat keskitty\u00e4 datal\u00e4ht\u00f6iseen p\u00e4\u00e4t\u00f6ksentekoon ja [&hellip;]<\/p>\n","protected":false},"author":1,"featured_media":0,"parent":0,"menu_order":0,"comment_status":"closed","ping_status":"closed","template":"elementor_canvas","meta":{"footnotes":""},"class_list":["post-37","page","type-page","status-publish","hentry","entry"],"_links":{"self":[{"href":"https:\/\/tridea.fi\/index.php\/wp-json\/wp\/v2\/pages\/37","targetHints":{"allow":["GET"]}}],"collection":[{"href":"https:\/\/tridea.fi\/index.php\/wp-json\/wp\/v2\/pages"}],"about":[{"href":"https:\/\/tridea.fi\/index.php\/wp-json\/wp\/v2\/types\/page"}],"author":[{"embeddable":true,"href":"https:\/\/tridea.fi\/index.php\/wp-json\/wp\/v2\/users\/1"}],"replies":[{"embeddable":true,"href":"https:\/\/tridea.fi\/index.php\/wp-json\/wp\/v2\/comments?post=37"}],"version-history":[{"count":55,"href":"https:\/\/tridea.fi\/index.php\/wp-json\/wp\/v2\/pages\/37\/revisions"}],"predecessor-version":[{"id":106,"href":"https:\/\/tridea.fi\/index.php\/wp-json\/wp\/v2\/pages\/37\/revisions\/106"}],"wp:attachment":[{"href":"https:\/\/tridea.fi\/index.php\/wp-json\/wp\/v2\/media?parent=37"}],"curies":[{"name":"wp","href":"https:\/\/api.w.org\/{rel}","templated":true}]}}